{"id":43,"date":"2019-02-21T16:35:22","date_gmt":"2019-02-21T15:35:22","guid":{"rendered":"http:\/\/www.nitenichiryu.de\/?page_id=43"},"modified":"2019-02-21T17:16:28","modified_gmt":"2019-02-21T16:16:28","slug":"imprint-impressum","status":"publish","type":"page","link":"http:\/\/www.nitenichiryu.de\/?page_id=43","title":{"rendered":"Imprint \/ Impressum"},"content":{"rendered":"\n<p>\n    <strong>Impressum<\/strong>\n<\/p>\n\n\n\n<p>\n    Dieses Impressum gilt auch f\u00fcr die Profile unseres Vereins auf den folgenden sozialen Netzwerken:\n<\/p>\n\n\n\n<p>\n    Facebook: Kendo Kenky\u00fbkai Fulda eV, <a href=\"https:\/\/www.facebook.com\/Kendo.Fulda\" target=\"_blank\" rel=\"noreferrer noopener\">https:\/\/www.facebook.com\/Kendo.Fulda<\/a>\n<\/p>\n\n\n\n<p>\n    <strong>Angaben gem\u00e4\u00df \u00a7 5 TMG:<\/strong>\n<\/p>\n\n\n\n<p>\n    Kendo Kenkyukai Fulda e.V.\n<\/p>\n\n\n\n<p>\n    An den Mertzg\u00e4rten 7\n<\/p>\n\n\n\n<p>\n    36041 Fulda\n<\/p>\n\n\n\n<p>\n    E-Mail: vorstand@kendo-fulda.de\n<\/p>\n\n\n\n<p>\n    Tel.: 0175&nbsp;634 682 8\n<\/p>\n\n\n\n<p>\n    <strong>Vertretungsberechtigte Personen:<\/strong>\n<\/p>\n\n\n\n<p>\n    Matthias Borschel, Pr\u00e4sident\n<\/p>\n\n\n\n<p>\n    An den Mertzg\u00e4rten 7\n<\/p>\n\n\n\n<p>\n    36041 Fulda\n<\/p>\n\n\n\n<p>\n    E-Mail: Praesident@kendo-fulda.de\n<\/p>\n\n\n\n<p>\n    Tel.: 0175&nbsp;634 682 8\n<\/p>\n\n\n\n<p>\n    Marc Kirschner, Schriftf\u00fchrer\n<\/p>\n\n\n\n<p>\n    Brentanostra\u00dfe 5\n<\/p>\n\n\n\n<p>\n    36088 H\u00fcnfeld\n<\/p>\n\n\n\n<p>\n    E-Mail: Schriftfuehrer@kendo-fulda.de\n<\/p>\n\n\n\n<p>\n    Tel.: 01514 433 987 7\n<\/p>\n\n\n\n<p>\n    Michael Kastaun, Schatzmeister\n<\/p>\n\n\n\n<p>\n    Walahfridstra\u00dfe 32\n<\/p>\n\n\n\n<p>\n    36043 Fulda\n<\/p>\n\n\n\n<p>\n    E-Mail: Schatzmeister@kendo-fulda.de\n<\/p>\n\n\n\n<p>\n    Tel.: 01512 018 191 7\n<\/p>\n\n\n\n<p>\n    <strong>Vereinsregister:<\/strong>\n<\/p>\n\n\n\n<p>\n    Registergericht: Amtsgericht Fulda\n<\/p>\n\n\n\n<p>\n    Registernummer: VR 1409\n<\/p>\n\n\n\n<p>\n    <strong>Umsatzsteuer- oder Wirtschaftsidentifikationsnummer:<\/strong>\n<\/p>\n\n\n\n<p>\n    USt-ID gem. \u00a7 27a UStG: Der Verein ist nicht unternehmerischer&nbsp;t\u00e4tig, eine&nbsp;USt-ID wurde daher nicht vergeben.&nbsp;\n<\/p>\n\n\n\n<p>\n    WirtschaftsID gem. \u00a7 139c AO: Eine&nbsp;WirtschaftsID&nbsp;wurde bisher nicht vergeben.&nbsp;\n<\/p>\n\n\n\n<p>\n    <strong>Verantwortlicher gem\u00e4\u00df \u00a7 55 Abs. 2 RStV:<\/strong>\n<\/p>\n\n\n\n<p>\n    Matthias Borschel, Pr\u00e4sident\n<\/p>\n\n\n\n<p>\n    An den Mertzg\u00e4rten 7\n<\/p>\n\n\n\n<p>\n    36041 Fulda\n<\/p>\n\n\n\n<p>\n    E-Mail: Praesident@kendo-fulda.de\n<\/p>\n\n\n\n<p>\n    Tel.: 0175&nbsp;634 682 8\n<\/p>\n\n\n\n<p>\n    <br>\n    <strong>Haftung f\u00fcr Inhalte<\/strong><br>\n    <br>\n    Die Inhalte unserer Seiten wurden mit gr\u00f6\u00dfter Sorgfalt erstellt. F\u00fcr\n die Richtigkeit, Vollst\u00e4ndigkeit und Aktualit\u00e4t der Inhalte k\u00f6nnen wir \njedoch keine Gew\u00e4hr \u00fcbernehmen.<br>\n    <br>\n    Als Dienste-Anbieter sind wir f\u00fcr eigene Inhalte auf diesen Seiten \nnach den allgemeinen Gesetzen verantwortlich. Dienste-Anbieter sind \njedoch nicht verpflichtet, die von ihnen \u00fcbermittelten oder\n    gespeicherten fremden Informationen zu \u00fcberwachen oder nach \nUmst\u00e4nden zu forschen, die auf eine rechtswidrige T\u00e4tigkeit hinweisen. \nVerpflichtungen zur Entfernung oder Sperrung der Nutzung von\n    Informationen nach den allgemeinen Gesetzen bleiben hiervon \nunber\u00fchrt. Eine diesbez\u00fcgliche Haftung ist jedoch erst ab dem Zeitpunkt \nder Kenntnis einer konkreten Rechtsverletzung m\u00f6glich. Bei\n    bekannt werden von entsprechenden Rechtsverletzungen werden wir \ndiese Inhalte umgehend entfernen.<br>\n    <br>\n    <br>\n    <strong>Haftung f\u00fcr Links<\/strong><br>\n    <br>\n    Unser Angebot enth\u00e4lt Links zu externen Webseiten Dritter, auf deren\n Inhalte wir keinen Einfluss haben. Deshalb k\u00f6nnen wir f\u00fcr diese fremden\n Inhalte auch keine Gew\u00e4hr \u00fcbernehmen. F\u00fcr die Inhalte\n    der verlinkten Seiten ist stets der jeweilige Anbieter oder \nBetreiber der Seiten verantwortlich. Die verlinkten Seiten wurden zum \nZeitpunkt der Verlinkung auf m\u00f6gliche Rechtsverst\u00f6\u00dfe \u00fcberpr\u00fcft.\n    Rechtswidrige Inhalte waren zum Zeitpunkt der Verlinkung nicht \nerkennbar. Eine permanente inhaltliche Kontrolle der verlinkten Seiten \nist jedoch ohne konkrete Anhaltspunkte einer Rechtsverletzung\n    nicht zumutbar. Bei bekannt werden von Rechtsverletzungen werden wir\n derartige Links umgehend entfernen.<br>\n    <br>\n    <br>\n    <strong>Urheberrecht<\/strong><br>\n    <br>\n    Die Betreiber der Seiten sind bem\u00fcht, stets die Urheberrechte \nanderer zu beachten bzw. auf selbst erstellte sowie lizenzfreie Werke \nzur\u00fcckzugreifen.<br>\n    <br>\n    Die durch die Seitenbetreiber erstellten Inhalte und Werke auf \ndiesen Seiten unterliegen dem deutschen Urheberrecht. Beitr\u00e4ge Dritter \nsind als solche gekennzeichnet. Die Vervielf\u00e4ltigung,\n    Bearbeitung, Verbreitung und jede Art der Verwertung au\u00dferhalb der \nGrenzen des Urheberrechtes bed\u00fcrfen der schriftlichen Zustimmung des \njeweiligen Autors bzw. Erstellers. Downloads und Kopien\n    dieser Seite sind nur f\u00fcr den privaten, nicht kommerziellen Gebrauch\n gestattet.\n<\/p>\n\n\n\n<h4>\n    Datenschutzerkl\u00e4rung\n<\/h4>\n\n\n\n<p>\n    <strong>Datenschutz<\/strong>\n<\/p>\n\n\n\n<p>\n    Die Betreiber dieser Seiten nehmen den Schutz Ihrer pers\u00f6nlichen \nDaten sehr ernst. Wir behandeln Ihre personenbezogenen Daten vertraulich\n und entsprechend der gesetzlichen Datenschutzvorschriften\n    sowie dieser Datenschutzerkl\u00e4rung.\n<\/p>\n\n\n\n<p>\n    Die Nutzung unserer Webseite ist in der Regel ohne Angabe \npersonenbezogener Daten m\u00f6glich. Soweit auf unseren Seiten \npersonenbezogene Daten (beispielsweise Name, Anschrift oder \nE-Mail-Adressen)\n    erhoben werden, erfolgt dies, soweit m\u00f6glich, stets auf freiwilliger\n Basis. Diese Daten werden ohne Ihre ausdr\u00fcckliche Zustimmung nicht an \nDritte weitergegeben.\n<\/p>\n\n\n\n<p>\n    Wir weisen darauf hin, dass die Daten\u00fcbertragung im Internet (z.B. \nbei der Kommunikation per E-Mail) Sicherheitsl\u00fccken aufweisen kann. Ein \nl\u00fcckenloser Schutz der Daten vor dem Zugriff durch\n    Dritte ist nicht m\u00f6glich.\n<\/p>\n\n\n\n<p>\n    <strong>Cookies<\/strong>\n<\/p>\n\n\n\n<p>\n    Die Internetseiten verwenden teilweise so genannte Cookies. Cookies \nrichten auf Ihrem Rechner keinen Schaden an und enthalten keine Viren. \nCookies dienen dazu, unser Angebot nutzerfreundlicher,\n    effektiver und sicherer zu machen. Cookies sind kleine Textdateien, \ndie auf Ihrem Rechner abgelegt werden und die Ihr Browser speichert.\n<\/p>\n\n\n\n<p>\n    Die meisten der von uns verwendeten Cookies sind so genannte \n\u201eSession-Cookies\u201c. Sie werden nach Ende Ihres Besuchs automatisch \ngel\u00f6scht. Andere Cookies bleiben auf Ihrem Endger\u00e4t gespeichert, bis\n    Sie diese l\u00f6schen. Diese Cookies erm\u00f6glichen es uns, Ihren Browser \nbeim n\u00e4chsten Besuch wiederzuerkennen.\n<\/p>\n\n\n\n<p>\n    Sie k\u00f6nnen Ihren Browser so einstellen, dass Sie \u00fcber das Setzen von\n Cookies informiert werden und Cookies nur im Einzelfall erlauben, die \nAnnahme von Cookies f\u00fcr bestimmte F\u00e4lle oder generell\n    ausschlie\u00dfen sowie das automatische L\u00f6schen der Cookies beim \nSchlie\u00dfen des Browser aktivieren. Bei der Deaktivierung von Cookies kann\n die Funktionalit\u00e4t dieser Website eingeschr\u00e4nkt sein.\n<\/p>\n\n\n\n<p>\n    <strong>Server-Log-Files<\/strong>\n<\/p>\n\n\n\n<p>\n    Der Provider der Seiten erhebt und speichert automatisch \nInformationen in so genannten Server-Log Files, die Ihr Browser \nautomatisch an uns \u00fcbermittelt. Dies sind:\n<\/p>\n\n\n\n<ul><li>Browsertyp\/ Browserversion\n    <\/li><li>verwendetes Betriebssystem\n    <\/li><li>Referrer URL\n    <\/li><li>Hostname des zugreifenden Rechners\n    <\/li><li>Uhrzeit der Serveranfrage\n    <\/li><\/ul>\n\n\n\n<p>\n    <br>\n    Diese Daten sind nicht bestimmten Personen zuordenbar. Eine \nZusammenf\u00fchrung dieser Daten mit anderen Datenquellen wird nicht \nvorgenommen. Wir behalten uns vor, diese Daten nachtr\u00e4glich zu pr\u00fcfen,\n    wenn uns konkrete Anhaltspunkte f\u00fcr eine rechtswidrige Nutzung \nbekannt werden.\n<\/p>\n\n\n\n<p>\n    <strong>Kontaktformular<\/strong>\n<\/p>\n\n\n\n<p>\n    Wenn Sie uns per Kontaktformular Anfragen zukommen lassen, werden \nIhre Angaben aus dem Anfrageformular inklusive der von Ihnen dort \nangegebenen Kontaktdaten zwecks Bearbeitung der Anfrage und f\u00fcr\n    den Fall von Anschlussfragen bei uns gespeichert. Diese Daten geben \nwir nicht ohne Ihre Einwilligung weiter.\n<\/p>\n\n\n\n<p>\n    <strong>Datenschutzerkl\u00e4rung f\u00fcr die Nutzung von Google Analytics<\/strong>\n<\/p>\n\n\n\n<p>\n    Diese Website nutzt Funktionen des&nbsp; Webanalysedienstes Google \nAnalytics. Anbieter ist die Google Inc. 1600 Amphitheatre Parkway \nMountain View, CA 94043, USA. Google Analytics verwendet sog.\n    &#8222;Cookies&#8220;. Das sind Textdateien, die auf Ihrem Computer gespeichert \nwerden und die eine Analyse der Benutzung der Website durch Sie \nerm\u00f6glichen. Die durch den Cookie erzeugten Informationen \u00fcber\n    Ihre Benutzung dieser Website werden in der Regel an einen Server \nvon Google in den USA \u00fcbertragen und dort gespeichert.\n<\/p>\n\n\n\n<p>\n    Im Falle der Aktivierung der IP-Anonymisierung auf dieser Webseite \nwird Ihre IP-Adresse von Google jedoch innerhalb von Mitgliedstaaten der\n Europ\u00e4ischen Union oder in anderen Vertragsstaaten des\n    Abkommens \u00fcber den Europ\u00e4ischen Wirtschaftsraum zuvor gek\u00fcrzt. Nur \nin Ausnahmef\u00e4llen wird die volle IP-Adresse an einen Server von Google \nin den USA \u00fcbertragen und dort gek\u00fcrzt. Im Auftrag des\n    Betreibers dieser Website wird Google diese Informationen benutzen, \num Ihre Nutzung der Website auszuwerten, um Reports \u00fcber die \nWebsiteaktivit\u00e4ten zusammenzustellen und um weitere mit der\n    Websitenutzung und der Internetnutzung verbundene Dienstleistungen \ngegen\u00fcber dem Websitebetreiber zu erbringen. Die im Rahmen von Google \nAnalytics von Ihrem Browser \u00fcbermittelte IP-Adresse wird\n    nicht mit anderen Daten von Google zusammengef\u00fchrt.\n<\/p>\n\n\n\n<p>\n    Sie k\u00f6nnen die Speicherung der Cookies durch eine entsprechende \nEinstellung Ihrer Browser-Software verhindern; wir weisen Sie jedoch \ndarauf hin, dass Sie in diesem Fall gegebenenfalls nicht\n    s\u00e4mtliche Funktionen dieser Website vollumf\u00e4nglich werden nutzen \nk\u00f6nnen. Sie k\u00f6nnen dar\u00fcber hinaus die Erfassung der durch das Cookie \nerzeugten und auf Ihre Nutzung der Website bezogenen Daten\n    (inkl. Ihrer IP-Adresse) an Google sowie die Verarbeitung dieser \nDaten durch Google verhindern, indem sie das unter dem folgenden Link \nverf\u00fcgbare Browser-Plugin herunterladen und installieren:\n    <a href=\"http:\/\/tools.google.com\/dlpage\/gaoptout?hl=de\">http:\/\/tools.google.com\/dlpage\/gaoptout?hl=de<\/a>\n<\/p>\n\n\n\n<p>\n    <strong>Auskunft, L\u00f6schung, Sperrung<\/strong>\n<\/p>\n\n\n\n<p>\n    Sie haben jederzeit das Recht auf unentgeltliche Auskunft \u00fcber Ihre \ngespeicherten personenbezogenen Daten, deren Herkunft und Empf\u00e4nger und \nden Zweck der Datenverarbeitung sowie ein Recht auf\n    Berichtigung, Sperrung oder L\u00f6schung dieser Daten. Hierzu sowie zu \nweiteren Fragen zum Thema personenbezogene Daten k\u00f6nnen Sie sich \njederzeit unter der im Impressum angegebenen Adresse an uns\n    wenden.<br>\n    <br>\n    \u00a9 2016 Kendo Kenkyukai Fulda e.V.\n<\/p>\n","protected":false},"excerpt":{"rendered":"<p>Impressum Dieses Impressum gilt auch f\u00fcr die Profile unseres Vereins auf den folgenden sozialen Netzwerken: Facebook: Kendo Kenky\u00fbkai Fulda eV, https:\/\/www.facebook.com\/Kendo.Fulda Angaben gem\u00e4\u00df \u00a7 5 TMG: Kendo Kenkyukai Fulda e.V. An den Mertzg\u00e4rten 7 36041 Fulda E-Mail: vorstand@kendo-fulda.de Tel.: 0175&nbsp;634 682 8 Vertretungsberechtigte Personen: Matthias Borschel, Pr\u00e4sident An den Mertzg\u00e4rten 7 36041 Fulda E-Mail: Praesident@kendo-fulda.de &hellip; <a href=\"http:\/\/www.nitenichiryu.de\/?page_id=43\" class=\"more-link\"><span class=\"screen-reader-text\">&#8222;Imprint \/ Impressum&#8220; <\/span>weiterlesen<\/a><\/p>\n","protected":false},"author":2,"featured_media":0,"parent":0,"menu_order":7,"comment_status":"closed","ping_status":"closed","template":"","meta":[],"_links":{"self":[{"href":"http:\/\/www.nitenichiryu.de\/index.php?rest_route=\/wp\/v2\/pages\/43"}],"collection":[{"href":"http:\/\/www.nitenichiryu.de\/index.php?rest_route=\/wp\/v2\/pages"}],"about":[{"href":"http:\/\/www.nitenichiryu.de\/index.php?rest_route=\/wp\/v2\/types\/page"}],"author":[{"embeddable":true,"href":"http:\/\/www.nitenichiryu.de\/index.php?rest_route=\/wp\/v2\/users\/2"}],"replies":[{"embeddable":true,"href":"http:\/\/www.nitenichiryu.de\/index.php?rest_route=%2Fwp%2Fv2%2Fcomments&post=43"}],"version-history":[{"count":1,"href":"http:\/\/www.nitenichiryu.de\/index.php?rest_route=\/wp\/v2\/pages\/43\/revisions"}],"predecessor-version":[{"id":44,"href":"http:\/\/www.nitenichiryu.de\/index.php?rest_route=\/wp\/v2\/pages\/43\/revisions\/44"}],"wp:attachment":[{"href":"http:\/\/www.nitenichiryu.de\/index.php?rest_route=%2Fwp%2Fv2%2Fmedia&parent=43"}],"curies":[{"name":"wp","href":"https:\/\/api.w.org\/{rel}","templated":true}]}}